{"id":29,"date":"2013-12-25T16:58:36","date_gmt":"2013-12-25T15:58:36","guid":{"rendered":"http:\/\/privat.gardijan.com\/?page_id=29"},"modified":"2014-01-03T18:17:29","modified_gmt":"2014-01-03T17:17:29","slug":"23-12-2003","status":"publish","type":"page","link":"https:\/\/privat.gardijan.com\/?page_id=29","title":{"rendered":"23.12.2003"},"content":{"rendered":"<p>7:15 Geweckt worden, Flasche gemacht (zum Gl\u00fcck dauert es inzw. nur 2 min)<br \/>\n7:25 Mit Adrian ins Kinderzimmer, verzweifelt versucht ihn noch mal ein paar Minuten schlafen zu lassen.<br \/>\n7:55 W\u00fcrfel gebaut.<br \/>\n8:00 verletzten Finger gepustet.<br \/>\n8:15 geduscht.<br \/>\n8:30 Adrian angezogen.<br \/>\n8:45 Kaffee, Tee, Haferflockenbatz (f\u00fcr mich) und Smacks f\u00fcr Adrian, Joghurt und Apfel f\u00fcr Schatzi<br \/>\n9:00 Adrian in seinen Stuhl gesetzt<br \/>\n9:01 Anfangen Heidi, Pumuckl, Schl\u00fcmpfe und sonstiges zu singen<br \/>\n9:10 Adrian hat endlich den ersten l\u00f6ffel gegessen<br \/>\n9:17 Adrian ist fertig<br \/>\n9:20 Ich bin auch fertig mit Haferflocken<br \/>\n9:25 Nick windeln wechseln<br \/>\n9:30 Nachbarin wartet wegen Kinderturnen<br \/>\n9:35 Adrian hat auch nochmal in die windeln gemacht<br \/>\n9:40 Adrian l\u00e4uft vor der m\u00fctze davon&gt;<br \/>\n9:45 Hurra, wir sind im Auto<br \/>\n10:00 Kinderturnen beginnt (kenne mich schon ziemlich gut aus)<br \/>\n10:10 Leiterin erz\u00e4hlt was aufgebaut werden soll (merke mir immer das erste)<br \/>\n10:15 Adrian aus der obersten Sprosse der Sprossenwand retten<br \/>\n10:45 alles gut \u00fcberstanden und mit tausend Frauen Pumuckl gesungen<br \/>\n11:00 sind wieder mehr oder weniger angezogen, Keks wurde zerbr\u00f6selt<br \/>\n11:15 nicht in den Baumarkt gefahren<br \/>\n11:16 zum spielplatz gegangen,<br \/>\n11:25 die 50 m zum Spielplatz geschafft<br \/>\n11:27 Handy abgeh\u00f6rt<br \/>\n11:29 In mich hinein gelacht<br \/>\n11:40 Riesenberg aus Schnee oder Sand gebaut<br \/>\n11:50 Zum abschluss noch schaukeln<br \/>\n12:00 kochen<br \/>\n12:15 Niklas windeln wechseln<br \/>\n12:20 Geschimpft werden weil irgendwas vergessen und schlechtes Zeitmanagement<br \/>\n12:25 K\u00fcche nebenbei aufger\u00e4umt<br \/>\n12:35 angebranntes Essen serviert<br \/>\n12:45 Adrian gefangen<br \/>\n13:05 Essensschlacht mit Adrian bei Stand von 12:1 f\u00fcr Adrian wegen Bodennebels abgebrochen<br \/>\n13:10 Wasser und trinken und windeln und T\u00fccher f\u00fcr Nick angeschleppt<br \/>\n13:15 Adrian ins Bett gebracht<br \/>\n13:20 Vor Adrian eingeschlafen<br \/>\n15:20 Von Adrian geweckt worden<br \/>\n15:30 Adrian getr\u00f6stet<br \/>\n15:45 Adrian gewickelt<br \/>\n15:55 Pudding<br \/>\n16:05 Schlittenfahren gehen wollen<br \/>\n16:15 Nick, adrian und ich sind angezogen<br \/>\n16:35 Am Schlittenberg angekommen, da Adrian alleine gegangen ist<br \/>\n17:00 dunkel und wieder heim<br \/>\n17:03 zu Hause, da Adrian getragen werden wollte (Kiddy Boards sind was f\u00fcr; Weicheier)<br \/>\n17:13 Alle ausgezogen<br \/>\n17:25 Tee und oder Kaffee gemacht<br \/>\n17:35 Schnell in Waschkeller<br \/>\n17:50 mit Adrian gespielt<br \/>\n18:00 Nick die windeln gewechselt<br \/>\n18:15 Wieder an kalten Kaffee gedacht<br \/>\n18:30 Kalten Kaffee genossen<br \/>\n19:00 Abendbrot in Rekordzeit mit Hilfe von Adrian hergerichtet<br \/>\n19:30 Sieg<br \/>\n19:45 Mit Adrian Abendritual (Waschen, Wechseln, Pyjama, Lesen, einschlafen)<br \/>\n20:45 aufgewacht<br \/>\n21:15 K\u00fcche ist wieder aufger\u00e4umt<br \/>\n21:45 Couch oder Rechner, hier bin ich<br \/>\n23:00 Niklas geholt, da dieser schreit<br \/>\n23:30 Niklas zum Stillen gegeben<br \/>\n0:00 Niklas wieder geholt und mit ihm ins Kinderzimmer<br \/>\n1:00 Niklas schl\u00e4ft<br \/>\n1:15 Gedanken daran verschwendet, dass in Ruhe Zeitung lesen ganz toll sein muss<br \/>\n1:30 Schnarch<\/p>\n<p>&nbsp;<\/p>\n","protected":false},"excerpt":{"rendered":"<p>7:15 Geweckt worden, Flasche gemacht (zum Gl\u00fcck dauert es inzw. nur 2 min) 7:25 Mit Adrian ins Kinderzimmer, verzweifelt versucht <a class=\"more-link\" href=\"https:\/\/privat.gardijan.com\/?page_id=29\">Read More&#8230;<\/a><\/p>\n","protected":false},"author":1,"featured_media":0,"parent":26,"menu_order":0,"comment_status":"closed","ping_status":"open","template":"","meta":{"footnotes":""},"class_list":["post-29","page","type-page","status-publish","hentry"],"_links":{"self":[{"href":"https:\/\/privat.gardijan.com\/index.php?rest_route=\/wp\/v2\/pages\/29","targetHints":{"allow":["GET"]}}],"collection":[{"href":"https:\/\/privat.gardijan.com\/index.php?rest_route=\/wp\/v2\/pages"}],"about":[{"href":"https:\/\/privat.gardijan.com\/index.php?rest_route=\/wp\/v2\/types\/page"}],"author":[{"embeddable":true,"href":"https:\/\/privat.gardijan.com\/index.php?rest_route=\/wp\/v2\/users\/1"}],"replies":[{"embeddable":true,"href":"https:\/\/privat.gardijan.com\/index.php?rest_route=%2Fwp%2Fv2%2Fcomments&post=29"}],"version-history":[{"count":1,"href":"https:\/\/privat.gardijan.com\/index.php?rest_route=\/wp\/v2\/pages\/29\/revisions"}],"predecessor-version":[{"id":31,"href":"https:\/\/privat.gardijan.com\/index.php?rest_route=\/wp\/v2\/pages\/29\/revisions\/31"}],"up":[{"embeddable":true,"href":"https:\/\/privat.gardijan.com\/index.php?rest_route=\/wp\/v2\/pages\/26"}],"wp:attachment":[{"href":"https:\/\/privat.gardijan.com\/index.php?rest_route=%2Fwp%2Fv2%2Fmedia&parent=29"}],"curies":[{"name":"wp","href":"https:\/\/api.w.org\/{rel}","templated":true}]}}