{"id":40,"date":"2014-01-03T18:13:12","date_gmt":"2014-01-03T17:13:12","guid":{"rendered":"http:\/\/privat.gardijan.com\/?page_id=40"},"modified":"2014-01-04T11:23:47","modified_gmt":"2014-01-04T10:23:47","slug":"tagesablauf","status":"publish","type":"page","link":"https:\/\/privat.gardijan.com\/?page_id=40","title":{"rendered":"Tagesablauf"},"content":{"rendered":"<p>9,00 : Aufgewacht<\/p>\n<p>10,00 : Endlich gibt es Fr\u00fchst\u00fcck<\/p>\n<p>10,40 : Noch schnell geduscht weil wir zum Friseur m\u00fcssen<\/p>\n<p>11,30 : Zum Friseur gegangen<\/p>\n<p>13,20 : Zur\u00fcckgekommen<\/p>\n<p>13,21 : Nik findet ,sein Ponny ( von den Haaren ) ist zu kurz geschnitten<\/p>\n<p>13,35 : Strammen Max zu Mittag gegessen<\/p>\n<p>14,20 : Zum lang ersehnten Schlittschuhlaufen gefahren<\/p>\n<p>16,20 : Zur\u00fcckgekommen<\/p>\n<p>18,00 : Mir war langweilig und ich habe nichts besseres zu tun als hier zu schreiben<\/p>\n<p>18,09 : Wir werden wahrscheinlich erst gegen 20:00 essen .Bis dahin werden wir malen ,fernsehen ,&#8230; .Dann schauen wir irgendeinen Film und um 22:30 geht es dann ins Bett .<\/p>\n<p>ENDE<\/p>\n","protected":false},"excerpt":{"rendered":"<p>9,00 : Aufgewacht 10,00 : Endlich gibt es Fr\u00fchst\u00fcck 10,40 : Noch schnell geduscht weil wir zum Friseur m\u00fcssen 11,30 <a class=\"more-link\" href=\"https:\/\/privat.gardijan.com\/?page_id=40\">Read More&#8230;<\/a><\/p>\n","protected":false},"author":3,"featured_media":0,"parent":26,"menu_order":0,"comment_status":"closed","ping_status":"open","template":"","meta":{"footnotes":""},"class_list":["post-40","page","type-page","status-publish","hentry"],"_links":{"self":[{"href":"https:\/\/privat.gardijan.com\/index.php?rest_route=\/wp\/v2\/pages\/40","targetHints":{"allow":["GET"]}}],"collection":[{"href":"https:\/\/privat.gardijan.com\/index.php?rest_route=\/wp\/v2\/pages"}],"about":[{"href":"https:\/\/privat.gardijan.com\/index.php?rest_route=\/wp\/v2\/types\/page"}],"author":[{"embeddable":true,"href":"https:\/\/privat.gardijan.com\/index.php?rest_route=\/wp\/v2\/users\/3"}],"replies":[{"embeddable":true,"href":"https:\/\/privat.gardijan.com\/index.php?rest_route=%2Fwp%2Fv2%2Fcomments&post=40"}],"version-history":[{"count":2,"href":"https:\/\/privat.gardijan.com\/index.php?rest_route=\/wp\/v2\/pages\/40\/revisions"}],"predecessor-version":[{"id":47,"href":"https:\/\/privat.gardijan.com\/index.php?rest_route=\/wp\/v2\/pages\/40\/revisions\/47"}],"up":[{"embeddable":true,"href":"https:\/\/privat.gardijan.com\/index.php?rest_route=\/wp\/v2\/pages\/26"}],"wp:attachment":[{"href":"https:\/\/privat.gardijan.com\/index.php?rest_route=%2Fwp%2Fv2%2Fmedia&parent=40"}],"curies":[{"name":"wp","href":"https:\/\/api.w.org\/{rel}","templated":true}]}}